{"id":13,"date":"2011-08-12T09:43:28","date_gmt":"2011-08-12T09:43:28","guid":{"rendered":"https:\/\/www.blasorchester-kreuztal.de\/neu\/?page_id=13"},"modified":"2026-03-12T12:00:36","modified_gmt":"2026-03-12T11:00:36","slug":"dirigent","status":"publish","type":"page","link":"https:\/\/www.blasorchester-kreuztal.de\/?page_id=13","title":{"rendered":"Dirigent"},"content":{"rendered":"\n<div class=\"wp-block-columns is-layout-flex wp-container-core-columns-is-layout-9d6595d7 wp-block-columns-is-layout-flex\">\n<div class=\"wp-block-column is-layout-flow wp-block-column-is-layout-flow\" style=\"flex-basis:33.33%\">\n<figure class=\"wp-block-image size-full is-style-default\"><a href=\"https:\/\/www.blasorchester-kreuztal.de\/wp-content\/uploads\/2020\/02\/andre1.jpg\"><img loading=\"lazy\" decoding=\"async\" width=\"267\" height=\"400\" src=\"https:\/\/www.blasorchester-kreuztal.de\/wp-content\/uploads\/2020\/02\/andre1.jpg\" alt=\"\" class=\"wp-image-2939\"\/><\/a><\/figure>\n<\/div>\n\n\n\n<div class=\"wp-block-column is-layout-flow wp-block-column-is-layout-flow\" style=\"flex-basis:66.66%\">\n<h2 class=\"wp-block-heading\">Andr\u00e9 Becker<\/h2>\n\n\n\n<p>Ich wurde 1973 in Siegen geboren. Nach dem Abitur im Jahre 1993 und Absolvierung des Zivildienstes begann ich 1995 ein Lehramtsstudium in den F\u00e4chern Musik und Chemie an der&nbsp;<a href=\"http:\/\/www.musik.uni-siegen.de\/\" target=\"_blank\" rel=\"noreferrer noopener\">Universit\u00e4t Siegen<\/a>, das ich 1999 mit dem 1. Staatsexamen abschloss. U.a. erhielt ich dort Unterricht in Musiktheorie bei Prof. Martin Herchenr\u00f6der. 2007 beendete ich meine berufliche Ausbildung mit dem 2. Staatsexamen. Seit Sommer 2007 arbeite ich als Musik- und Chemielehrer an der&nbsp;<a href=\"http:\/\/www.gesamtschule-marienheide.de\/\" target=\"_blank\" rel=\"noreferrer noopener\">Gesamtschule Marienheide<\/a><\/p>\n\n\n\n<p>Ich spiele seit meinem achten Lebensjahr Trompete. Den ersten Unterricht erhielt ich im&nbsp;<a href=\"http:\/\/www.blasorchester-kreztal.de\/\">Blasorchester Stadt Kreuztal e.V.<\/a>. Hier bin ich Vizedirigent. lange Jahre war ich auch f\u00fcr die Ausbildung der Trompetensch\u00fcler, sowie f\u00fcr die Leitung des Jugend- bzw. Anf\u00e4ngerorchesters zust\u00e4ndig. Zu meinen Lehrern z\u00e4hlen u.a. Willi Offergeld und Stefan Wiedemann (beide Trompeter im Philharmonischen Orchester S\u00fcdwestfalen).&nbsp; Ich habe diverse Wokshops besucht (u.a. bei Allen Vizutti und&nbsp;<a href=\"http:\/\/www.malteburba.de\/\" target=\"_blank\" rel=\"noreferrer noopener\">Malte Burba<\/a>).<\/p>\n\n\n\n<p>Seit 1993 bin ich Mitglied im Blechbl\u00e4serensemble&nbsp;<a href=\"http:\/\/www.promusicasacra.de\/\" target=\"_blank\" rel=\"noreferrer noopener\">\u201epro musica sacra\u201c<\/a>&nbsp;Siegen e.V., f\u00fcr das ich Arrangements und Kompositionen schreibe, von denen einige im Rundfunk und Fernsehen (ZDF, WDR3) gesendet und\/oder auf Tontr\u00e4gern ver\u00f6ffentlicht wurden.<\/p>\n\n\n\n<p>Von 2007-2012 war ich Kreisdirigent im Volksmusikerbund NRW f\u00fcr den&nbsp;<a href=\"http:\/\/www.vmb-nrw.de\/go\/siegen-wittgenstein.html\">Kreis Siegen-Wittgenstein<\/a>.<\/p>\n\n\n\n<p>Meine dirigentischen F\u00e4higkeiten habe ich an der&nbsp;<a href=\"http:\/\/www.bundesakademie-trossingen.de\/\" target=\"_blank\" rel=\"noreferrer noopener\">Bundesakademie f\u00fcr musikalische Jugendbildung<\/a>&nbsp;in Trossingen ausgebaut. Ich besuchte den zweij\u00e4hrigen Lehrgang \u201eLeitung von Blasorchestern\u201c (B-Lehrgang) und schloss diesen 2011 erfolgreich ab. Ich erhielt dort Dirigierunterricht bei&nbsp;<a href=\"http:\/\/www.polizei.bayern.de\/wir\/aufgaben\/dienststellen\/index.html\/1793\" target=\"_blank\" rel=\"noreferrer noopener\">Prof. Johann M\u00f6senbichler<\/a>&nbsp;und&nbsp;<a href=\"http:\/\/www.felixhauswirth.com\/\" target=\"_blank\" rel=\"noreferrer noopener\">Prof. Felix Hauswirth<\/a>. Workshops bei Fried Dobbelstein (<a href=\"http:\/\/www.artez.nl\/\">ArtEZ Konservatorium<\/a>, Niederlande),&nbsp;<a href=\"http:\/\/music.msu.edu\/faculty\/profile\/kevin1\">Dr. Kevin Sedatole<\/a>&nbsp;(Michigan State University) und&nbsp;<a href=\"https:\/\/www.bundesakademie-trossingen.de\/unser-haus\/gastdozentinnen\/r\/isabelle-ruf-weber.html\">Isabelle Ruf-Weber<\/a>&nbsp;folgten.<\/p>\n\n\n\n<p>Von 2016 bis 2021 leitete ich den&nbsp;<a href=\"http:\/\/musikverein-rahrbach.de\/\">Musikverein Rahrbach<\/a>.<\/p>\n\n\n\n<p>Homepage: <a href=\"https:\/\/www.ars-ex-aere.de\/\" target=\"_blank\" rel=\"noreferrer noopener\">ars-ex-aere.de<\/a><\/p>\n<\/div>\n<\/div>\n\n\n\n<hr class=\"wp-block-separator has-alpha-channel-opacity is-style-wide\"\/>\n\n\n\n<p><a href=\"https:\/\/www.blasorchester-kreuztal.de\/?page_id=17\">Ehemalige Dirigenten<\/a><\/p>\n","protected":false},"excerpt":{"rendered":"<p>Andr\u00e9 Becker Ich wurde 1973 in Siegen geboren. Nach dem Abitur im Jahre 1993 und Absolvierung des Zivildienstes begann ich 1995 ein Lehramtsstudium in den F\u00e4chern Musik und Chemie an der&nbsp;Universit\u00e4t Siegen, das ich 1999 mit dem 1. Staatsexamen abschloss. U.a. erhielt ich dort Unterricht in Musiktheorie bei Prof. Martin Herchenr\u00f6der. 2007 beendete ich meine [&hellip;]<\/p>\n","protected":false},"author":5,"featured_media":0,"parent":0,"menu_order":0,"comment_status":"closed","ping_status":"closed","template":"","meta":{"ngg_post_thumbnail":0,"h5ap_radio_sources":[],"footnotes":""},"class_list":["post-13","page","type-page","status-publish","hentry"],"_links":{"self":[{"href":"https:\/\/www.blasorchester-kreuztal.de\/index.php?rest_route=\/wp\/v2\/pages\/13","targetHints":{"allow":["GET"]}}],"collection":[{"href":"https:\/\/www.blasorchester-kreuztal.de\/index.php?rest_route=\/wp\/v2\/pages"}],"about":[{"href":"https:\/\/www.blasorchester-kreuztal.de\/index.php?rest_route=\/wp\/v2\/types\/page"}],"author":[{"embeddable":true,"href":"https:\/\/www.blasorchester-kreuztal.de\/index.php?rest_route=\/wp\/v2\/users\/5"}],"replies":[{"embeddable":true,"href":"https:\/\/www.blasorchester-kreuztal.de\/index.php?rest_route=%2Fwp%2Fv2%2Fcomments&post=13"}],"version-history":[{"count":33,"href":"https:\/\/www.blasorchester-kreuztal.de\/index.php?rest_route=\/wp\/v2\/pages\/13\/revisions"}],"predecessor-version":[{"id":5168,"href":"https:\/\/www.blasorchester-kreuztal.de\/index.php?rest_route=\/wp\/v2\/pages\/13\/revisions\/5168"}],"wp:attachment":[{"href":"https:\/\/www.blasorchester-kreuztal.de\/index.php?rest_route=%2Fwp%2Fv2%2Fmedia&parent=13"}],"curies":[{"name":"wp","href":"https:\/\/api.w.org\/{rel}","templated":true}]}}