{"id":152,"date":"2011-08-15T10:59:07","date_gmt":"2011-08-15T08:59:07","guid":{"rendered":"https:\/\/www.blasorchester-kreuztal.de\/neu\/?page_id=152"},"modified":"2025-03-16T21:52:36","modified_gmt":"2025-03-16T20:52:36","slug":"instrumentalausbildung","status":"publish","type":"page","link":"https:\/\/www.blasorchester-kreuztal.de\/?page_id=152","title":{"rendered":"Instrumentalausbildung"},"content":{"rendered":"\n<p><strong>Das Blasorchester Kreuztal bildet an allen Instrumenten eines sinfonischen Blasorchesters aus:<\/strong><\/p>\n\n\n\n<div class=\"wp-block-columns is-layout-flex wp-container-core-columns-is-layout-9d6595d7 wp-block-columns-is-layout-flex\">\n<div class=\"wp-block-column is-layout-flow wp-block-column-is-layout-flow\">\n<p class=\"has-text-align-center\"><strong>Holzblasinstrumente<\/strong><\/p>\n\n\n<a id=\"69f5321c285d1\" rel=\"wp-video-lightbox\" href=\"https:\/\/www.youtube.com\/watch?v=YbAckgQj3u0&#038;width=1280&#038;height=960\" title=\"\">Querfl\u00f6te \/ Piccolo<\/a>    <script>\r\n    \/* <![CDATA[ *\/\r\n    jQuery(document).ready(function($){\r\n        $(function(){\r\n            var width = $(window).innerWidth();\r\n            var setwidth = parseFloat(1280);\r\n            var ratio = parseFloat(0.75);\r\n            var height = parseFloat(960);\r\n            var link = 'https:\/\/www.youtube.com\/watch?v=YbAckgQj3u0&amp;width=1280&amp;height=960';\r\n            if(width < setwidth)\r\n            {\r\n                height = Math.floor(width * 0.75);\r\n                \/\/console.log(\"device width \"+width+\", set width \"+1280+\", ratio \"+0.75+\", new height \"+ height);\r\n                var new_url = wpvl_paramReplace('width', link, width);\r\n                var new_url = wpvl_paramReplace('height', new_url, height);\r\n                $(\"a#69f5321c285d1\").attr('href', new_url);\r\n                \/\/console.log(new_url);\r\n            }\r\n        });\r\n    });\r\n    \/* ]]> *\/\r\n    <\/script>\n\n\n\n<p><\/p>\n\n\n<a id=\"69f5321c28602\" rel=\"wp-video-lightbox\" href=\"https:\/\/www.youtube.com\/watch?v=2pJC22b6DOw&#038;width=1280&#038;height=960\" title=\"\">Oboe<\/a>    <script>\r\n    \/* <![CDATA[ *\/\r\n    jQuery(document).ready(function($){\r\n        $(function(){\r\n            var width = $(window).innerWidth();\r\n            var setwidth = parseFloat(1280);\r\n            var ratio = parseFloat(0.75);\r\n            var height = parseFloat(960);\r\n            var link = 'https:\/\/www.youtube.com\/watch?v=2pJC22b6DOw&amp;width=1280&amp;height=960';\r\n            if(width < setwidth)\r\n            {\r\n                height = Math.floor(width * 0.75);\r\n                \/\/console.log(\"device width \"+width+\", set width \"+1280+\", ratio \"+0.75+\", new height \"+ height);\r\n                var new_url = wpvl_paramReplace('width', link, width);\r\n                var new_url = wpvl_paramReplace('height', new_url, height);\r\n                $(\"a#69f5321c28602\").attr('href', new_url);\r\n                \/\/console.log(new_url);\r\n            }\r\n        });\r\n    });\r\n    \/* ]]> *\/\r\n    <\/script>\n\n\n\n<p><\/p>\n\n\n<a id=\"69f5321c28618\" rel=\"wp-video-lightbox\" href=\"https:\/\/www.youtube.com\/watch?v=2pJC22b6DOw&#038;width=1280&#038;height=960\" title=\"\">Klarinette<\/a>    <script>\r\n    \/* <![CDATA[ *\/\r\n    jQuery(document).ready(function($){\r\n        $(function(){\r\n            var width = $(window).innerWidth();\r\n            var setwidth = parseFloat(1280);\r\n            var ratio = parseFloat(0.75);\r\n            var height = parseFloat(960);\r\n            var link = 'https:\/\/www.youtube.com\/watch?v=2pJC22b6DOw&amp;width=1280&amp;height=960';\r\n            if(width < setwidth)\r\n            {\r\n                height = Math.floor(width * 0.75);\r\n                \/\/console.log(\"device width \"+width+\", set width \"+1280+\", ratio \"+0.75+\", new height \"+ height);\r\n                var new_url = wpvl_paramReplace('width', link, width);\r\n                var new_url = wpvl_paramReplace('height', new_url, height);\r\n                $(\"a#69f5321c28618\").attr('href', new_url);\r\n                \/\/console.log(new_url);\r\n            }\r\n        });\r\n    });\r\n    \/* ]]> *\/\r\n    <\/script>\n\n\n\n<p><\/p>\n\n\n<a id=\"69f5321c2862a\" rel=\"wp-video-lightbox\" href=\"https:\/\/www.youtube.com\/watch?v=gFLVBN6sbqc&#038;width=1280&#038;height=960\" title=\"\">Saxophon<\/a>    <script>\r\n    \/* <![CDATA[ *\/\r\n    jQuery(document).ready(function($){\r\n        $(function(){\r\n            var width = $(window).innerWidth();\r\n            var setwidth = parseFloat(1280);\r\n            var ratio = parseFloat(0.75);\r\n            var height = parseFloat(960);\r\n            var link = 'https:\/\/www.youtube.com\/watch?v=gFLVBN6sbqc&amp;width=1280&amp;height=960';\r\n            if(width < setwidth)\r\n            {\r\n                height = Math.floor(width * 0.75);\r\n                \/\/console.log(\"device width \"+width+\", set width \"+1280+\", ratio \"+0.75+\", new height \"+ height);\r\n                var new_url = wpvl_paramReplace('width', link, width);\r\n                var new_url = wpvl_paramReplace('height', new_url, height);\r\n                $(\"a#69f5321c2862a\").attr('href', new_url);\r\n                \/\/console.log(new_url);\r\n            }\r\n        });\r\n    });\r\n    \/* ]]> *\/\r\n    <\/script>\n\n\n\n<p><\/p>\n\n\n<a id=\"69f5321c2863c\" rel=\"wp-video-lightbox\" href=\"https:\/\/www.youtube.com\/watch?v=lDVfrxMpRKs&#038;width=1280&#038;height=960\" title=\"\">Fagott<\/a>    <script>\r\n    \/* <![CDATA[ *\/\r\n    jQuery(document).ready(function($){\r\n        $(function(){\r\n            var width = $(window).innerWidth();\r\n            var setwidth = parseFloat(1280);\r\n            var ratio = parseFloat(0.75);\r\n            var height = parseFloat(960);\r\n            var link = 'https:\/\/www.youtube.com\/watch?v=lDVfrxMpRKs&amp;width=1280&amp;height=960';\r\n            if(width < setwidth)\r\n            {\r\n                height = Math.floor(width * 0.75);\r\n                \/\/console.log(\"device width \"+width+\", set width \"+1280+\", ratio \"+0.75+\", new height \"+ height);\r\n                var new_url = wpvl_paramReplace('width', link, width);\r\n                var new_url = wpvl_paramReplace('height', new_url, height);\r\n                $(\"a#69f5321c2863c\").attr('href', new_url);\r\n                \/\/console.log(new_url);\r\n            }\r\n        });\r\n    });\r\n    \/* ]]> *\/\r\n    <\/script>\n<\/div>\n\n\n\n<div class=\"wp-block-column is-layout-flow wp-block-column-is-layout-flow\">\n<p class=\"has-text-align-center\"><strong>Blechblasinstrumente<\/strong><\/p>\n\n\n<a id=\"69f5321c2864c\" rel=\"wp-video-lightbox\" href=\"https:\/\/www.youtube.com\/watch?v=ge5q99c9kJA&#038;width=1280&#038;height=960\" title=\"\">Trompete \/ Fl\u00fcgelhorn<\/a>    <script>\r\n    \/* <![CDATA[ *\/\r\n    jQuery(document).ready(function($){\r\n        $(function(){\r\n            var width = $(window).innerWidth();\r\n            var setwidth = parseFloat(1280);\r\n            var ratio = parseFloat(0.75);\r\n            var height = parseFloat(960);\r\n            var link = 'https:\/\/www.youtube.com\/watch?v=ge5q99c9kJA&amp;width=1280&amp;height=960';\r\n            if(width < setwidth)\r\n            {\r\n                height = Math.floor(width * 0.75);\r\n                \/\/console.log(\"device width \"+width+\", set width \"+1280+\", ratio \"+0.75+\", new height \"+ height);\r\n                var new_url = wpvl_paramReplace('width', link, width);\r\n                var new_url = wpvl_paramReplace('height', new_url, height);\r\n                $(\"a#69f5321c2864c\").attr('href', new_url);\r\n                \/\/console.log(new_url);\r\n            }\r\n        });\r\n    });\r\n    \/* ]]> *\/\r\n    <\/script>\n\n\n\n<p><\/p>\n\n\n<a id=\"69f5321c28666\" rel=\"wp-video-lightbox\" href=\"https:\/\/www.youtube.com\/watch?v=weNqhMCrV4g&#038;width=1280&#038;height=960\" title=\"\">Horn<\/a>    <script>\r\n    \/* <![CDATA[ *\/\r\n    jQuery(document).ready(function($){\r\n        $(function(){\r\n            var width = $(window).innerWidth();\r\n            var setwidth = parseFloat(1280);\r\n            var ratio = parseFloat(0.75);\r\n            var height = parseFloat(960);\r\n            var link = 'https:\/\/www.youtube.com\/watch?v=weNqhMCrV4g&amp;width=1280&amp;height=960';\r\n            if(width < setwidth)\r\n            {\r\n                height = Math.floor(width * 0.75);\r\n                \/\/console.log(\"device width \"+width+\", set width \"+1280+\", ratio \"+0.75+\", new height \"+ height);\r\n                var new_url = wpvl_paramReplace('width', link, width);\r\n                var new_url = wpvl_paramReplace('height', new_url, height);\r\n                $(\"a#69f5321c28666\").attr('href', new_url);\r\n                \/\/console.log(new_url);\r\n            }\r\n        });\r\n    });\r\n    \/* ]]> *\/\r\n    <\/script>\n\n\n\n<p><\/p>\n\n\n<a id=\"69f5321c28683\" rel=\"wp-video-lightbox\" href=\"https:\/\/www.youtube.com\/watch?v=j6i7FU5yPuA&#038;width=1280&#038;height=960\" title=\"\">Posaune<\/a>    <script>\r\n    \/* <![CDATA[ *\/\r\n    jQuery(document).ready(function($){\r\n        $(function(){\r\n            var width = $(window).innerWidth();\r\n            var setwidth = parseFloat(1280);\r\n            var ratio = parseFloat(0.75);\r\n            var height = parseFloat(960);\r\n            var link = 'https:\/\/www.youtube.com\/watch?v=j6i7FU5yPuA&amp;width=1280&amp;height=960';\r\n            if(width < setwidth)\r\n            {\r\n                height = Math.floor(width * 0.75);\r\n                \/\/console.log(\"device width \"+width+\", set width \"+1280+\", ratio \"+0.75+\", new height \"+ height);\r\n                var new_url = wpvl_paramReplace('width', link, width);\r\n                var new_url = wpvl_paramReplace('height', new_url, height);\r\n                $(\"a#69f5321c28683\").attr('href', new_url);\r\n                \/\/console.log(new_url);\r\n            }\r\n        });\r\n    });\r\n    \/* ]]> *\/\r\n    <\/script>\n\n\n\n<p><\/p>\n\n\n<a id=\"69f5321c28695\" rel=\"wp-video-lightbox\" href=\"https:\/\/www.youtube.com\/watch?v=FOeP5qGUykQ&#038;width=1280&#038;height=960\" title=\"\">Tenorhorn \/ Bariton \/ Euphonium<\/a>    <script>\r\n    \/* <![CDATA[ *\/\r\n    jQuery(document).ready(function($){\r\n        $(function(){\r\n            var width = $(window).innerWidth();\r\n            var setwidth = parseFloat(1280);\r\n            var ratio = parseFloat(0.75);\r\n            var height = parseFloat(960);\r\n            var link = 'https:\/\/www.youtube.com\/watch?v=FOeP5qGUykQ&amp;width=1280&amp;height=960';\r\n            if(width < setwidth)\r\n            {\r\n                height = Math.floor(width * 0.75);\r\n                \/\/console.log(\"device width \"+width+\", set width \"+1280+\", ratio \"+0.75+\", new height \"+ height);\r\n                var new_url = wpvl_paramReplace('width', link, width);\r\n                var new_url = wpvl_paramReplace('height', new_url, height);\r\n                $(\"a#69f5321c28695\").attr('href', new_url);\r\n                \/\/console.log(new_url);\r\n            }\r\n        });\r\n    });\r\n    \/* ]]> *\/\r\n    <\/script>\n\n\n\n<p><\/p>\n\n\n<a id=\"69f5321c286a5\" rel=\"wp-video-lightbox\" href=\"https:\/\/www.youtube.com\/watch?v=ZhtnqUiTUFg&#038;width=1280&#038;height=960\" title=\"\">Tuba<\/a>    <script>\r\n    \/* <![CDATA[ *\/\r\n    jQuery(document).ready(function($){\r\n        $(function(){\r\n            var width = $(window).innerWidth();\r\n            var setwidth = parseFloat(1280);\r\n            var ratio = parseFloat(0.75);\r\n            var height = parseFloat(960);\r\n            var link = 'https:\/\/www.youtube.com\/watch?v=ZhtnqUiTUFg&amp;width=1280&amp;height=960';\r\n            if(width < setwidth)\r\n            {\r\n                height = Math.floor(width * 0.75);\r\n                \/\/console.log(\"device width \"+width+\", set width \"+1280+\", ratio \"+0.75+\", new height \"+ height);\r\n                var new_url = wpvl_paramReplace('width', link, width);\r\n                var new_url = wpvl_paramReplace('height', new_url, height);\r\n                $(\"a#69f5321c286a5\").attr('href', new_url);\r\n                \/\/console.log(new_url);\r\n            }\r\n        });\r\n    });\r\n    \/* ]]> *\/\r\n    <\/script>\n<\/div>\n\n\n\n<div class=\"wp-block-column is-layout-flow wp-block-column-is-layout-flow\">\n<p class=\"has-text-align-center\"><strong>Schlagzeug<\/strong><\/p>\n\n\n<a id=\"69f5321c286b4\" rel=\"wp-video-lightbox\" href=\"https:\/\/www.youtube.com\/watch?v=ISnkHISBdjQ&#038;width=1280&#038;height=960\" title=\"\">Schlagzeug \/ Drum-Set<\/a>    <script>\r\n    \/* <![CDATA[ *\/\r\n    jQuery(document).ready(function($){\r\n        $(function(){\r\n            var width = $(window).innerWidth();\r\n            var setwidth = parseFloat(1280);\r\n            var ratio = parseFloat(0.75);\r\n            var height = parseFloat(960);\r\n            var link = 'https:\/\/www.youtube.com\/watch?v=ISnkHISBdjQ&amp;width=1280&amp;height=960';\r\n            if(width < setwidth)\r\n            {\r\n                height = Math.floor(width * 0.75);\r\n                \/\/console.log(\"device width \"+width+\", set width \"+1280+\", ratio \"+0.75+\", new height \"+ height);\r\n                var new_url = wpvl_paramReplace('width', link, width);\r\n                var new_url = wpvl_paramReplace('height', new_url, height);\r\n                $(\"a#69f5321c286b4\").attr('href', new_url);\r\n                \/\/console.log(new_url);\r\n            }\r\n        });\r\n    });\r\n    \/* ]]> *\/\r\n    <\/script>\n\n\n\n<p><\/p>\n\n\n<a id=\"69f5321c286c5\" rel=\"wp-video-lightbox\" href=\"https:\/\/www.youtube.com\/watch?v=DJ1vnELbO2c&#038;width=1280&#038;height=960\" title=\"\">Xylophon<\/a>    <script>\r\n    \/* <![CDATA[ *\/\r\n    jQuery(document).ready(function($){\r\n        $(function(){\r\n            var width = $(window).innerWidth();\r\n            var setwidth = parseFloat(1280);\r\n            var ratio = parseFloat(0.75);\r\n            var height = parseFloat(960);\r\n            var link = 'https:\/\/www.youtube.com\/watch?v=DJ1vnELbO2c&amp;width=1280&amp;height=960';\r\n            if(width < setwidth)\r\n            {\r\n                height = Math.floor(width * 0.75);\r\n                \/\/console.log(\"device width \"+width+\", set width \"+1280+\", ratio \"+0.75+\", new height \"+ height);\r\n                var new_url = wpvl_paramReplace('width', link, width);\r\n                var new_url = wpvl_paramReplace('height', new_url, height);\r\n                $(\"a#69f5321c286c5\").attr('href', new_url);\r\n                \/\/console.log(new_url);\r\n            }\r\n        });\r\n    });\r\n    \/* ]]> *\/\r\n    <\/script>\n\n\n\n<p><\/p>\n<\/div>\n<\/div>\n\n\n<div class=\"wp-block-image\">\n<figure class=\"aligncenter size-medium is-resized\"><a href=\"https:\/\/www.blasorchester-kreuztal.de\/wp-content\/uploads\/2025\/03\/Flyer_Instrument_1-edited.png\"><img loading=\"lazy\" decoding=\"async\" width=\"1414\" height=\"1062\" src=\"https:\/\/www.blasorchester-kreuztal.de\/wp-content\/uploads\/2025\/03\/Flyer_Instrument_1-edited.png\" alt=\"\" class=\"wp-image-4964\" style=\"aspect-ratio:1.3333333333333333;object-fit:cover;width:531px;height:auto\" srcset=\"https:\/\/www.blasorchester-kreuztal.de\/wp-content\/uploads\/2025\/03\/Flyer_Instrument_1-edited.png 1414w, https:\/\/www.blasorchester-kreuztal.de\/wp-content\/uploads\/2025\/03\/Flyer_Instrument_1-edited-500x376.png 500w, https:\/\/www.blasorchester-kreuztal.de\/wp-content\/uploads\/2025\/03\/Flyer_Instrument_1-edited-1024x769.png 1024w, https:\/\/www.blasorchester-kreuztal.de\/wp-content\/uploads\/2025\/03\/Flyer_Instrument_1-edited-768x577.png 768w\" sizes=\"auto, (max-width: 1414px) 100vw, 1414px\" \/><\/a><figcaption class=\"wp-element-caption\"><a href=\"https:\/\/www.blasorchester-kreuztal.de\/wp-content\/uploads\/2025\/03\/Flyer-Instrument-lernen.pdf\">Flyer herunterladen (4 MB)<\/a><\/figcaption><\/figure>\n<\/div>\n\n\n<p>Der Unterricht wird in der Regel als Einzelunterricht einmal w\u00f6chentlich sowohl von qualifizierten Vereinsmitgliedern als auch von externen \u201cHonorarkr\u00e4ften\u201d erteilt. Die Unterrichtsstunde dauert im Allgemeinen 45 Minuten. W\u00e4hrend der Schulferien findet kein Unterricht statt. <\/p>\n\n\n\n<p>Das Blasorchester stellt den Sch\u00fclerinnen und Sch\u00fclern gerne ein Musikinstrument gegen eine monatliche Leihgeb\u00fchr ab 6 \u20ac zur Verf\u00fcgung. Der Unterrichtsbeitrag betr\u00e4gt 50 \u20ac monatlich. Bei Geschwistern kann f\u00fcr das zweite und jedes weitere Kind eine Erm\u00e4\u00dfigung von je 20 % auf den Unterrichtsbeitrag gew\u00e4hrt werden. F\u00fcr Inhaber der Kreuztaler Familienkarte ist das 1. Unterrichtsquartal f\u00fcr das Geschwisterkind dar\u00fcber hinaus kostenlos.<\/p>\n\n\n\n<p>Die Teilnahme am Musikunterricht sowie an den Ausbildungsorchestern (<a href=\"https:\/\/www.blasorchester-kreuztal.de\/?page_id=1059\" data-type=\"page\" data-id=\"1059\">Vororchester <\/a>und <a href=\"https:\/\/www.blasorchester-kreuztal.de\/?page_id=150\" data-type=\"page\" data-id=\"150\">Jugendorchester<\/a>) ist in der Regel ab einem Alter von 8 Jahren m\u00f6glich.<\/p>\n\n\n\n<p class=\"has-very-light-gray-background-color has-background\"><strong>Jugendleiterin<\/strong>: Franziska Neumann<br><a href=\"mailto:franziska.neumann@blasorchester-kreuztal.de\">franziska.neumann@blasorchester-kreuztal.de<\/a><\/p>\n\n\n\n<figure class=\"wp-block-image size-large\"><a href=\"https:\/\/www.blasorchester-kreuztal.de\/wp-content\/uploads\/2024\/02\/BOK_Stummfilm_OliverStopinski_18-FB.jpg\"><img loading=\"lazy\" decoding=\"async\" width=\"1024\" height=\"683\" src=\"https:\/\/www.blasorchester-kreuztal.de\/wp-content\/uploads\/2024\/02\/BOK_Stummfilm_OliverStopinski_18-FB-1024x683.jpg\" alt=\"\" class=\"wp-image-4452\" style=\"aspect-ratio:16\/9;object-fit:cover\" srcset=\"https:\/\/www.blasorchester-kreuztal.de\/wp-content\/uploads\/2024\/02\/BOK_Stummfilm_OliverStopinski_18-FB-1024x683.jpg 1024w, https:\/\/www.blasorchester-kreuztal.de\/wp-content\/uploads\/2024\/02\/BOK_Stummfilm_OliverStopinski_18-FB-500x333.jpg 500w, https:\/\/www.blasorchester-kreuztal.de\/wp-content\/uploads\/2024\/02\/BOK_Stummfilm_OliverStopinski_18-FB-768x512.jpg 768w, https:\/\/www.blasorchester-kreuztal.de\/wp-content\/uploads\/2024\/02\/BOK_Stummfilm_OliverStopinski_18-FB-1536x1024.jpg 1536w, https:\/\/www.blasorchester-kreuztal.de\/wp-content\/uploads\/2024\/02\/BOK_Stummfilm_OliverStopinski_18-FB.jpg 2048w\" sizes=\"auto, (max-width: 1024px) 100vw, 1024px\" \/><\/a><figcaption class=\"wp-element-caption\">Jugendorchester 2023 | Foto: Oliver Stopinski Fotografie<\/figcaption><\/figure>\n","protected":false},"excerpt":{"rendered":"<p>Das Blasorchester Kreuztal bildet an allen Instrumenten eines sinfonischen Blasorchesters aus: Holzblasinstrumente Blechblasinstrumente Schlagzeug Der Unterricht wird in der Regel als Einzelunterricht einmal w\u00f6chentlich sowohl von qualifizierten Vereinsmitgliedern als auch von externen \u201cHonorarkr\u00e4ften\u201d erteilt. Die Unterrichtsstunde dauert im Allgemeinen 45 Minuten. W\u00e4hrend der Schulferien findet kein Unterricht statt. Das Blasorchester stellt den Sch\u00fclerinnen und Sch\u00fclern [&hellip;]<\/p>\n","protected":false},"author":1,"featured_media":0,"parent":31,"menu_order":0,"comment_status":"closed","ping_status":"closed","template":"","meta":{"ngg_post_thumbnail":0,"h5ap_radio_sources":[],"footnotes":""},"class_list":["post-152","page","type-page","status-publish","hentry"],"_links":{"self":[{"href":"https:\/\/www.blasorchester-kreuztal.de\/index.php?rest_route=\/wp\/v2\/pages\/152","targetHints":{"allow":["GET"]}}],"collection":[{"href":"https:\/\/www.blasorchester-kreuztal.de\/index.php?rest_route=\/wp\/v2\/pages"}],"about":[{"href":"https:\/\/www.blasorchester-kreuztal.de\/index.php?rest_route=\/wp\/v2\/types\/page"}],"author":[{"embeddable":true,"href":"https:\/\/www.blasorchester-kreuztal.de\/index.php?rest_route=\/wp\/v2\/users\/1"}],"replies":[{"embeddable":true,"href":"https:\/\/www.blasorchester-kreuztal.de\/index.php?rest_route=%2Fwp%2Fv2%2Fcomments&post=152"}],"version-history":[{"count":55,"href":"https:\/\/www.blasorchester-kreuztal.de\/index.php?rest_route=\/wp\/v2\/pages\/152\/revisions"}],"predecessor-version":[{"id":4965,"href":"https:\/\/www.blasorchester-kreuztal.de\/index.php?rest_route=\/wp\/v2\/pages\/152\/revisions\/4965"}],"up":[{"embeddable":true,"href":"https:\/\/www.blasorchester-kreuztal.de\/index.php?rest_route=\/wp\/v2\/pages\/31"}],"wp:attachment":[{"href":"https:\/\/www.blasorchester-kreuztal.de\/index.php?rest_route=%2Fwp%2Fv2%2Fmedia&parent=152"}],"curies":[{"name":"wp","href":"https:\/\/api.w.org\/{rel}","templated":true}]}}