{"id":3151,"date":"2020-08-11T10:02:18","date_gmt":"2020-08-11T08:02:18","guid":{"rendered":"https:\/\/www.blasorchester-kreuztal.de\/?page_id=3151"},"modified":"2024-04-23T10:30:59","modified_gmt":"2024-04-23T08:30:59","slug":"unterstuetzung","status":"publish","type":"page","link":"https:\/\/www.blasorchester-kreuztal.de\/?page_id=3151","title":{"rendered":"Unterst\u00fctzer werden!"},"content":{"rendered":"\n<p>Sie spielen kein Instrument, m\u00f6chten aber die Arbeit des Blasorchesters Stadt Kreuztal e.V. unterst\u00fctzen? Dann w\u00e4re eine f\u00f6rdernde Mitgliedschaft das Ideale. Mit ihrem Jahresbeitrag tragen Sie dauerhaft dazu bei, das vielf\u00e4ltige musikalische Angebot in Kreuztal und die umfassende Ausbildung junger Menschen an den verschiedensten Instrumenten zu f\u00f6rdern. Nehmen Sie als f\u00f6rderndes Mitglied nicht nur an der Jahreshauptversammlung teil, sondern lassen Sie sich \u00fcber den <strong><a href=\"https:\/\/www.blasorchester-kreuztal.de\/lists\/?p=subscribe&amp;id=1\">Newsletter<\/a><\/strong> auch regelm\u00e4\u00dfig \u00fcber neue Konzerttermine, Auftritte und anderes rund um das Orchester informieren. Eine Mitgliedschaft ist bereits ab 25 \u20ac pro Jahr m\u00f6glich.<\/p>\n\n\n\n<p>Eine f\u00f6rdernde Mitgliedschaft ist Ihnen zu langfristig? Vielleicht w\u00e4re dann die Unterst\u00fctzung des Blasorchesters und seiner Jugend mit einer<strong> <a href=\"https:\/\/www.blasorchester-kreuztal.de\/?page_id=3272\">Spende<\/a><\/strong> attraktiver? Dies ist jederzeit m\u00f6glich und das Blasorchester Stadt Kreuztal e.V. als gemeinn\u00fctzig anerkannter Verein bescheinigt Ihnen Ihr Engagement gerne mit einer Spendenquittung.<\/p>\n\n\n\n<p>F\u00fcr Ihre Fragen rund um eine Mitgliedschaft oder Spende steht Ihnen der 1. Vorsitzende Mike Brombach gerne zur Verf\u00fcgung.<\/p>\n\n\n\n<p class=\"has-very-light-gray-background-color has-background\">Dokument: <a href=\"https:\/\/www.blasorchester-kreuztal.de\/wp-content\/uploads\/2020\/08\/Eintrittserkl\u00e4rung-F\u00f6rdermitglieder-ab-Juli-2020.pdf\"><strong>Mitgliedsantrag<\/strong><\/a><\/p>\n\n\n\n<p><\/p>\n","protected":false},"excerpt":{"rendered":"<p>Sie spielen kein Instrument, m\u00f6chten aber die Arbeit des Blasorchesters Stadt Kreuztal e.V. unterst\u00fctzen? Dann w\u00e4re eine f\u00f6rdernde Mitgliedschaft das Ideale. Mit ihrem Jahresbeitrag tragen Sie dauerhaft dazu bei, das vielf\u00e4ltige musikalische Angebot in Kreuztal und die umfassende Ausbildung junger Menschen an den verschiedensten Instrumenten zu f\u00f6rdern. Nehmen Sie als f\u00f6rderndes Mitglied nicht nur an [&hellip;]<\/p>\n","protected":false},"author":5,"featured_media":0,"parent":0,"menu_order":0,"comment_status":"closed","ping_status":"closed","template":"","meta":{"ngg_post_thumbnail":0,"h5ap_radio_sources":[],"footnotes":""},"class_list":["post-3151","page","type-page","status-publish","hentry"],"_links":{"self":[{"href":"https:\/\/www.blasorchester-kreuztal.de\/index.php?rest_route=\/wp\/v2\/pages\/3151","targetHints":{"allow":["GET"]}}],"collection":[{"href":"https:\/\/www.blasorchester-kreuztal.de\/index.php?rest_route=\/wp\/v2\/pages"}],"about":[{"href":"https:\/\/www.blasorchester-kreuztal.de\/index.php?rest_route=\/wp\/v2\/types\/page"}],"author":[{"embeddable":true,"href":"https:\/\/www.blasorchester-kreuztal.de\/index.php?rest_route=\/wp\/v2\/users\/5"}],"replies":[{"embeddable":true,"href":"https:\/\/www.blasorchester-kreuztal.de\/index.php?rest_route=%2Fwp%2Fv2%2Fcomments&post=3151"}],"version-history":[{"count":9,"href":"https:\/\/www.blasorchester-kreuztal.de\/index.php?rest_route=\/wp\/v2\/pages\/3151\/revisions"}],"predecessor-version":[{"id":4563,"href":"https:\/\/www.blasorchester-kreuztal.de\/index.php?rest_route=\/wp\/v2\/pages\/3151\/revisions\/4563"}],"wp:attachment":[{"href":"https:\/\/www.blasorchester-kreuztal.de\/index.php?rest_route=%2Fwp%2Fv2%2Fmedia&parent=3151"}],"curies":[{"name":"wp","href":"https:\/\/api.w.org\/{rel}","templated":true}]}}