{"id":3272,"date":"2020-12-02T13:06:47","date_gmt":"2020-12-02T12:06:47","guid":{"rendered":"https:\/\/www.blasorchester-kreuztal.de\/?page_id=3272"},"modified":"2020-12-02T13:28:22","modified_gmt":"2020-12-02T12:28:22","slug":"spendenformular","status":"publish","type":"page","link":"https:\/\/www.blasorchester-kreuztal.de\/?page_id=3272","title":{"rendered":"Spendenformular"},"content":{"rendered":"\n<p><strong>Wir freuen uns \u00fcber eine Spende! <\/strong>Nutzen Sie dazu die angegeben IBAN oder das gooding &#8211; Formular. Vielen Dank f\u00fcr Ihre Unterst\u00fctzung! &#8211; <a href=\"https:\/\/www.blasorchester-kreuztal.de\/?page_id=3151\">Unterst\u00fctzer werden<\/a><\/p>\n\n\n\n<div class=\"wp-block-columns is-layout-flex wp-container-core-columns-is-layout-9d6595d7 wp-block-columns-is-layout-flex\">\n<div class=\"wp-block-column is-layout-flow wp-block-column-is-layout-flow\">\n<p>Spendenbetrag \u00fcberweisen an:<\/p>\n\n\n\n<p class=\"has-text-align-center has-black-color has-text-color has-background\" style=\"background-color:#e0e0e0\">Blasorchester Stadt Kreuztal e.V.<br>IBAN: DE45 4605 0001 0018 0159 74<\/p>\n\n\n\n<p>Oder das folgende Formular ausf\u00fcllen:<\/p>\n<\/div>\n\n\n\n<div class=\"wp-block-column is-layout-flow wp-block-column-is-layout-flow\">\n<figure class=\"wp-block-image size-large is-resized\"><a href=\"https:\/\/www.gooding.de\/blasorchester-stadt-kreuztal-e-v-64594\" target=\"_blank\" rel=\"noopener noreferrer\"><img decoding=\"async\" src=\"https:\/\/www.blasorchester-kreuztal.de\/wp-content\/uploads\/2020\/12\/Gooding-Logo-Mittel.png\" alt=\"\" class=\"wp-image-3260\" width=\"300\" srcset=\"https:\/\/www.blasorchester-kreuztal.de\/wp-content\/uploads\/2020\/12\/Gooding-Logo-Mittel.png 768w, https:\/\/www.blasorchester-kreuztal.de\/wp-content\/uploads\/2020\/12\/Gooding-Logo-Mittel-500x192.png 500w\" sizes=\"(max-width: 768px) 100vw, 768px\" \/><\/a><figcaption>www.gooding.de<\/figcaption><\/figure>\n\n\n\n<p><\/p>\n<\/div>\n<\/div>\n\n\n\n<div style=\"height: 1600px; position: relative;\"><script type=\"text\/javascript\">(function(){var eventMethod=window.addEventListener?'addEventListener':'attachEvent';var eventHandler=window[eventMethod];var messageEvent=eventMethod=='attachEvent'?'onmessage':'message';eventHandler(messageEvent,function(e){var key=e.message?'message':'data';var data=e[key];if(data==='gooding_scroll_into_view'){var el=document.getElementById('gooding-spenden-widget');el.scrollIntoView()}},false)})();<\/script><iframe style=\"position: absolute; top: 0; left: 0; width: 100%!important; height: 100%!important;\" name=\"Gooding Spenden-Widget\" id=\"gooding-spenden-widget\" allowtransparency=\"true\" scrolling=\"yes\" title=\"Gooding Spenden-Widget\" src=\"https:\/\/www.gooding.de\/donation\/blasorchester-stadt-kreuztal-e-v-64594?widget=1&amp;amount=25\/v\/1606910493.W6NU0%252FA8%252Fx5os2EHTCNQiddcMo%252F3KjwCO4Z7Yux0WBeBc6D4YZ9lGHXWj9ZPZanWeQy60UOnveTuF%252F8ga8isyu3HRGU88zAJcVaqoeqpTuYLSxvJjJjcX%252FPFIYpKuYRdyg0R8zBfeuDuEZWFci2CFlrqI%252BxcYRAsRyawMmAGysI%253D\" frameborder=\"0\"><\/iframe><\/div>\n\n\n\n<hr class=\"wp-block-separator is-style-wide\"\/>\n\n\n\n<p> <\/p>\n\n\n\n<p class=\"has-text-align-center\"><strong>Vielen Dank f\u00fcr Ihre Unterst\u00fctzung!<\/strong><br><a href=\"https:\/\/www.blasorchester-kreuztal.de\/?page_id=3151\">Unterst\u00fctzer des Blasorchesters Stadt Kreuztal werden<\/a><\/p>\n\n\n\n<p class=\"has-text-align-center has-background\" style=\"background-color:#e0e0e0\">Mehr Infos zu gooding und unseren Projekten auf unserer <a href=\"https:\/\/www.gooding.de\/blasorchester-stadt-kreuztal-e-v-64594\">gooding &#8211; Webseite<\/a><\/p>\n","protected":false},"excerpt":{"rendered":"<p>Wir freuen uns \u00fcber eine Spende! Nutzen Sie dazu die angegeben IBAN oder das gooding &#8211; Formular. Vielen Dank f\u00fcr Ihre Unterst\u00fctzung! &#8211; Unterst\u00fctzer werden Spendenbetrag \u00fcberweisen an: Blasorchester Stadt Kreuztal e.V.IBAN: DE45 4605 0001 0018 0159 74 Oder das folgende Formular ausf\u00fcllen: Vielen Dank f\u00fcr Ihre Unterst\u00fctzung!Unterst\u00fctzer des Blasorchesters Stadt Kreuztal werden Mehr Infos [&hellip;]<\/p>\n","protected":false},"author":5,"featured_media":0,"parent":3151,"menu_order":0,"comment_status":"closed","ping_status":"closed","template":"","meta":{"ngg_post_thumbnail":0,"h5ap_radio_sources":[],"footnotes":""},"class_list":["post-3272","page","type-page","status-publish","hentry"],"_links":{"self":[{"href":"https:\/\/www.blasorchester-kreuztal.de\/index.php?rest_route=\/wp\/v2\/pages\/3272","targetHints":{"allow":["GET"]}}],"collection":[{"href":"https:\/\/www.blasorchester-kreuztal.de\/index.php?rest_route=\/wp\/v2\/pages"}],"about":[{"href":"https:\/\/www.blasorchester-kreuztal.de\/index.php?rest_route=\/wp\/v2\/types\/page"}],"author":[{"embeddable":true,"href":"https:\/\/www.blasorchester-kreuztal.de\/index.php?rest_route=\/wp\/v2\/users\/5"}],"replies":[{"embeddable":true,"href":"https:\/\/www.blasorchester-kreuztal.de\/index.php?rest_route=%2Fwp%2Fv2%2Fcomments&post=3272"}],"version-history":[{"count":9,"href":"https:\/\/www.blasorchester-kreuztal.de\/index.php?rest_route=\/wp\/v2\/pages\/3272\/revisions"}],"predecessor-version":[{"id":3283,"href":"https:\/\/www.blasorchester-kreuztal.de\/index.php?rest_route=\/wp\/v2\/pages\/3272\/revisions\/3283"}],"up":[{"embeddable":true,"href":"https:\/\/www.blasorchester-kreuztal.de\/index.php?rest_route=\/wp\/v2\/pages\/3151"}],"wp:attachment":[{"href":"https:\/\/www.blasorchester-kreuztal.de\/index.php?rest_route=%2Fwp%2Fv2%2Fmedia&parent=3272"}],"curies":[{"name":"wp","href":"https:\/\/api.w.org\/{rel}","templated":true}]}}